{"id":8585,"date":"2011-03-12T11:52:12","date_gmt":"2011-03-12T10:52:12","guid":{"rendered":"http:\/\/www.electrode.it\/?page_id=8585"},"modified":"2011-03-12T11:52:12","modified_gmt":"2011-03-12T10:52:12","slug":"electrode-11","status":"publish","type":"page","link":"https:\/\/electrode.it\/it\/electrode-11\/","title":{"rendered":"ELECTRODE &#8217;11"},"content":{"rendered":"<p>Il csoa\u00a0<strong>Forte Prenestino<\/strong>, per il sesto anno consecutivo, invita tutti a partecipare ad\u00a0<strong>Electrode<\/strong>, Festival Indipendente di Musica Elettronica. Quest\u2019anno il festival, che si terr\u00e0 il 10 e 11 Giugno, presenter\u00e0, tra gli altri, ospiti del calibro di\u00a0<strong>Martina Topley-Bird, James Zabiela, Xenia Beliayeva feat Andr\u00e9 Winter, The Hacker, Franz &amp; Shape, Low Frequency, Leo Anibaldi, Simone Renghi. Electrode<\/strong> nasce grazie alla collaborazione di progetti attivi sulla scena musicale e visual romana come\u00a0<strong>MissAnthroPeak<\/strong>,\u00a0<strong>Sonic Visioner<\/strong>,\u00a0<strong>Truckstop76th,<\/strong> <strong>Urban Pressure,<\/strong> <strong>00 Nowhere<\/strong>,\u00a0<strong>Candivision,<\/strong> che da diversi anni contribuiscono alla realizzazione di eventi all\u2019interno del\u00a0<strong>Forte Prenestino<\/strong>, ognuno con la sua nota distintiva, avvalendosi sempre di nuove collaborazioni.<\/p>\n<p>L\u2019esigenza di un Festival come questo nasce dall\u2019interesse sempre vivo verso i numerosi generi musicali che danno vita e alimentano lo sfaccettato universo della musica elettronica: generi che hanno una propria specificit\u00e0, non solo squisitamente musicale, ma anche caratteristica dei momenti e dei luoghi sociali storici in cui si riconoscono e da dove prendono forma. Questa urgenza e` un patrimonio che spinge ogni anno il Festival verso nuove contaminazioni.<\/p>\n<p>Sin dalla prima edizione\u00a0<strong>Electrode<\/strong> ci ha regalato un costante confronto tra diversi contesti musicali, caratterizzati da una forte validit\u00e0 artistica ed un`estrema autonomia esistenziale, assieme alla consapevolezza di non riuscire ad esaurirne le molteplici rappresentazioni; che siano queste Drum\u2019n\u2019bass, Techno, Breakbeat, Dubstep o Electro, \u201cil trait d\u2019union\u201d \u00e8 la comune tensione alla qualit\u00e0, unita ad una sostanziale resistenza alle regole del mercato e ad un\u2019indole orizzontale. La progressiva digitalizzazione degli strumenti di produzione, sia audio che video, ha permesso ad un numero sempre maggiore di artisti, non solo di poter creare la propria musica e le proprie performance video, ma anche di diffonderle nel mondo, influenzandosi e innovandosi nel tempo in modo trasversale, praticamente annullando le differenze tra \u201cbig\u201d ed artisti indipendenti.<br \/>\nSu quest`onda la scelta di invitare e proporre artisti di altissimo livello, in alcuni casi pi\u00f9 noti nei circuiti della Club Culture, affiancandoli ad artisti emergenti o consolidati di circuiti indipendenti, garantendo elevati standard di qualit\u00e0 tecnica nella purezza del suono e negli spettacoli scenografici offerti da alcuni tra i vjs pi\u00f9 all\u2019avanguardia del momento.<\/p>\n<p>Il csoa\u00a0<strong>Forte Prenestino<\/strong>, che ospita il Festival ne \u00e8 anche il motore propulsivo, a garanzia di un determinato modo di organizzare eventi, in un contesto autogestito, sempre attento alla collettivit\u00e0 e ai suoi bisogni, quanto ai suoi processi di rinnovamento, e che, con essa, non pu\u00f2 che confrontarsi e crescere.<\/p>\n<p><strong>Electrode<\/strong> \u00e8 un Festival Indipendente; realizzarlo \u00e8 stata una scommessa, perch\u00e9 non figura, n\u00e9 e` mai stato richiesto, il sostegno di alcuno sponsor. Cio` nonostante, il contributo richiesto ai partecipanti per poter accedere al festival resta, anche quest\u2019anno, rigorosamente politico, accessibile a tutti, senza interferire con gli standard di qualit\u00e0 che si intende continuare a garantire. Tutto e` reso possibile dall\u2019impegno di coloro che, da sempre, partecipano all\u2019esistenza e rendono vitale una realt\u00e0 autogestita come il\u00a0<strong>Forte Prenestino<\/strong>, che diventa tanto pi\u00f9 preziosa ed essenziale in un momento storico come questo di oscurantismo politico-culturale, endemica sottoccupazione e arretratezza delle strutture sociali.<\/p>\n<p><strong>Electrode<\/strong> \u00e8 un evento ludico, liberatorio, culturalmente contaminato e non omologato, consapevole della propria identit\u00e0 e della specificit\u00e0 del proprio background e del suo percorso in divenire.<\/p>\n<p><strong>Electrode<\/strong> non \u00e8 un contro festival, \u00e8 semmai \u201cl`altra possibilit\u00e0\u201d che si aggiunge a quei pochi Festival che in Italia permettono di conoscere e confrontarsi con un patrimonio artistico che troppo spesso resta prerogativa di eventi organizzati in altri paesi.\u00a0\u00a0\u00a0\u00a0\u00a0\u00a0\u00a0\u00a0\u00a0\u00a0\u00a0\u00a0\u00a0\u00a0\u00a0\u00a0\u00a0\u00a0\u00a0\u00a0\u00a0\u00a0\u00a0\u00a0\u00a0\u00a0\u00a0\u00a0\u00a0\u00a0\u00a0\u00a0\u00a0\u00a0\u00a0\u00a0\u00a0\u00a0\u00a0\u00a0\u00a0\u00a0\u00a0\u00a0\u00a0\u00a0\u00a0\u00a0\u00a0\u00a0\u00a0 .<br \/>\nIn prossimit\u00e0 di questa sesta edizione non possiamo non guardare indietro: nel corso delle cinque precedenti i numeri, in termini di pubblico e sostenitori, sono stati sempre in costante aumento. Non si esagera nel dire che sono stati decine di migliaia coloro che hanno attraversato i tunnel del csoa\u00a0<strong>Forte Prenestino<\/strong> e che sempre pi\u00f9 numerosi si sono avvicendati sui palchi ospiti internazionali del calibro di \u00a0<strong>Ellen Allien<\/strong>,\u00a0<strong>Antipop Consortium<\/strong>,\u00a0<strong>Ed Rush, \u00a0Anthony Rother, Ivan Smagghe<\/strong>,\u00a0<strong>Far Too Loud<\/strong>,\u00a0<strong>Acid Junkies<\/strong>,\u00a0<strong>Motor<\/strong>,<strong> Extrawelt,<\/strong> <strong>Vitalic<\/strong>,\u00a0<strong>Dexter, Evil Nine, T. Raumshmiere, Youngsta, Birdyman, Dalek, Zu<\/strong>, solo per citarne alcuni.<\/p>\n<p>Il calendario del Festival, come di consueto, cade all`inizio dell`estate: in questo modo \u00e8 possibile sfruttare al meglio le potenzialit\u00e0 dell\u2019antica struttura del\u00a0<strong>Forte Prenestino<\/strong>, con i suoi ampi spazi all`aperto, immersi nel verde.<strong>Electrode<\/strong> si svolge nelle due \u201cpiazze d\u2019armi\u201d, per l`occasione rinominate\u00a0<strong>alfa<\/strong> e\u00a0<strong>omega<\/strong>, ognuna con i suoi generi, i suoi ospiti, i suoi visuals e i suoi djs a cui se ne e`aggiunta una terza,\u00a0<strong>gamma<\/strong>:<strong> <\/strong>una sorta di chillout di alto livello, che consente una maggiore sperimentazione, autogestione ed apertura ad altre realta` indipendenti. Con questa ricchezza ambientale e` possibile offrire selezioni musicali poliedriche e contaminate: techno, electro, breakbeat, minimal, dubstep si esprimono sugli stessi stage, sano illuminati dalle stesse luci, sottolineati dagli stessi vjs e ballati dagli stessi pubblici.<\/p>\n<p>Come ogni anno, uno spazio fondamentale \u00e8\u00a0riservato alla parte\u00a0<strong>visual<\/strong>. La crew di vjs nasce infatti, insieme ad\u00a0<strong>Electrode<\/strong>. Durante le prime due edizioni, l\u2019organizzazione \u00e8 stata curata da\u00a0<strong>Candyvision<\/strong> che collabora con altri gruppi di Vjs gi\u00e0 noti nell\u2019ambito del clubbing romano, e con cui condivide un\u2019esperienza unica ed innovativa: far parte della costruzione visiva di un Festival Indipendente di musica elettronica, che si svolge in un posto occupato come il csoa\u00a0<strong>Forte Prenestino<\/strong>. Questo vuol dire \u201csporcarsi le mani\u201d costruendone step by step l\u2019impatto visivo.<\/p>\n<p>Per il quarto anno il Team di\u00a0<strong>Flxer<\/strong> prende in mano la situazione avendo la grande opportunit\u00e0 di far partecipare ad\u00a0<strong>Electrode<\/strong> gli ospiti del festival LPM.<\/p>\n<p>Tutto questo \u00e8\u00a0<strong>Electrode<\/strong>!<\/p>","protected":false},"excerpt":{"rendered":"<p>Il csoa\u00a0Forte Prenestino, per il sesto anno consecutivo, invita tutti a partecipare ad\u00a0Electrode, Festival Indipendente di Musica Elettronica. Quest\u2019anno il festival, che si terr\u00e0 il 10 e 11 Giugno, presenter\u00e0, tra gli altri, ospiti del calibro di\u00a0Martina Topley-Bird, James Zabiela, Xenia Beliayeva feat Andr\u00e9 Winter, The Hacker, Franz &amp; Shape, Low Frequency, Leo Anibaldi, Simone [&hellip;]<\/p>\n","protected":false},"author":1,"featured_media":0,"parent":0,"menu_order":0,"comment_status":"open","ping_status":"closed","template":"","meta":{"ngg_post_thumbnail":0},"_links":{"self":[{"href":"https:\/\/electrode.it\/it\/wp-json\/wp\/v2\/pages\/8585"}],"collection":[{"href":"https:\/\/electrode.it\/it\/wp-json\/wp\/v2\/pages"}],"about":[{"href":"https:\/\/electrode.it\/it\/wp-json\/wp\/v2\/types\/page"}],"author":[{"embeddable":true,"href":"https:\/\/electrode.it\/it\/wp-json\/wp\/v2\/users\/1"}],"replies":[{"embeddable":true,"href":"https:\/\/electrode.it\/it\/wp-json\/wp\/v2\/comments?post=8585"}],"version-history":[{"count":0,"href":"https:\/\/electrode.it\/it\/wp-json\/wp\/v2\/pages\/8585\/revisions"}],"wp:attachment":[{"href":"https:\/\/electrode.it\/it\/wp-json\/wp\/v2\/media?parent=8585"}],"curies":[{"name":"wp","href":"https:\/\/api.w.org\/{rel}","templated":true}]}}