{"id":5185,"date":"2010-01-22T01:28:50","date_gmt":"2010-01-22T00:28:50","guid":{"rendered":"http:\/\/www.electrode.it\/?page_id=5185"},"modified":"2010-01-22T01:28:50","modified_gmt":"2010-01-22T00:28:50","slug":"electrode-10","status":"publish","type":"page","link":"https:\/\/electrode.it\/it\/electrode-10\/","title":{"rendered":"ELECTRODE &#8217;10"},"content":{"rendered":"<p>Il csoa Forte Prenestino, per il quinto anno consecutivo, invita tutti a partecipare al festival di musica elettronica Electrode. Il festival nasce grazie alla collaborazione di progetti attivi sulla scena musicale romana come\u00a0<strong>MissAnthroPeak<\/strong>,\u00a0<strong>Sonic Visioner<\/strong>,\u00a0<strong>Truckstop76th,<\/strong>\u00a0<strong>Urban Pressure,<\/strong>\u00a0<strong>00 Nowhere<\/strong>, che da diversi anni contribuiscono alla realizzazione di eventi all\u2019interno del csoa, ognuno con la sua nota distintiva ma sempre arricchendosi di nuove collaborazioni.<br \/>\nL\u2019esigenza di un Festival nasce primariamente dall\u2019interesse sempre vivo verso i numerosi generi musicali che danno vita e alimentano lo sfaccettato universo della musica elettronica: generi che hanno una propria specificit\u00e0 non solo squisitamente musicale ma che nascono in determinati momenti e luoghi storici radicandosi in contesti sociali in cui si riconoscono e con i quali prendono forma. Lo riteniamo questo un patrimonio, i cui codici espressivi non rimangono mai isolati e circoscritti ma s\u2019influenzano nel tempo reciprocamente nonostante si traducano spesso nell\u2019organizzazione e diffusione di serate e festival tematizzati, musicalmente omogenei.<br \/>\nLa vocazione del festival di Electrode \u00e8, sin dalla prima edizione, centrata su un costante confronto con ambiti caratterizzati da una forte validit\u00e0 artistica e autonomia esistenziale in una molteplicit\u00e0 di manifestazioni che non pretendiamo di poter esaurire tutte. Che siano queste Drum\u2019n\u2019bass, Techno, Breakbeat, Dubstep o Electro il trait d\u2019union \u00e8 comunque sempre dato da una comune tensione alla qualit\u00e0, unita a una sostanziale resistenza alle regole del mercato e a un\u2019indole indubbiamente orizzontale. La progressiva digitalizzazione degli strumenti di produzione permette, infatti, a un numero sempre maggiore di artisti non solo di poter creare la propria musica ma anche di diffonderla e farla ascoltare al mondo, influenzando e innovando nel tempo le sue modulazioni.<br \/>\nDi qui la scelta di invitare e proporre artisti di altissimo livello, in alcuni casi pi\u00f9 noti nei circuiti della club culture affiancandoli ad artisti emergenti o consolidati ma sempre garantendo elevati standard di qualit\u00e0 tecnica, di purezza del suono e con spettacoli scenografici offerti da alcuni tra i vjs pi\u00f9 all\u2019avanguardia del momento.<br \/>\nIl csoa Forte Prenestino, che ospita il festival ne \u00e8 anche il motore propulsivo, e garanzia\u00a0 di un determinato modo di organizzare eventi,\u00a0 in un contesto autogestionario sempre attento alla collettivit\u00e0, tanto ai suoi bisogni quanto\u00a0 ai suoi processi di rinnovamento, che con essa non pu\u00f2 che confrontarsi e crescere.<br \/>\nElectrode \u00e8 un festival indipendente: realizzarlo \u00e8 stata per noi una scommessa perch\u00e9 non abbiamo n\u00e9 abbiamo chiesto il sostegno di sponsor. Ciononostante il contributo richiesto ai partecipanti per poter accedere al festival rimane, anche quest\u2019anno, rigorosamente politico, accessibile a tutti, senza che questo interferisca con gli standard di qualit\u00e0 che intendiamo poter continuare a garantire. Ci\u00f2 \u00e8 senz\u2019altro reso possibile dall\u2019impegno di tutti coloro che\u00a0 da sempre partecipano\u00a0 all\u2019esistenza e vitalit\u00e0 di una realt\u00e0 autogestita come il\u00a0 Forte che, al pari delle altre, diventa tanto pi\u00f9 preziosa in un momento storico di oscurantismo politico-culturale, endemica sottoccupazione, arretratezza delle strutture sociali.<br \/>\nElectrode \u00e8 quindi un evento ludico liberatorio, culturalmente contaminato e non\u00a0 omologato, consapevole della propria identit\u00e0 e della specificit\u00e0 del proprio background e del suo percorso in divenire.<br \/>\nElectrode non \u00e8 un contro festival, \u00e8 semmai un\u2019altra possibilit\u00e0 che si aggiunge ai pochi altri festival che in Italia permettono\u00a0 di conoscere e confrontarsi con un patrimonio che, nonostante la\u00a0 progressiva estensione di questi anni, rimane ancora pi\u00f9 diffuso all\u2019estero.<br \/>\nIn prossimit\u00e0 di questa quarta edizione non possiamo non guardarci indietro: nel corso delle tre precedenti edizioni i numeri, in termini di pubblico e sostenitori, sono stati in costante aumento. Sono decine di migliaia coloro che hanno attraversato i tunnel del csoa Forte Prenestino e, sempre pi\u00f9 numerosi, gli ospiti internazionali che si sono avvicendati sui palchi da\u00a0<strong>Ellen Allien<\/strong>\u00a0a\u00a0<strong>Antipop Consortium<\/strong>, da\u00a0<strong>Ed Rush\u00a0<\/strong>a\u00a0<strong>Anthony Rother e Ivan Smagghe<\/strong>,\u00a0<strong>Far Too Loud\u00a0<\/strong>,\u00a0<strong>Acid Junkies<\/strong>,\u00a0<strong>Motor<\/strong>,<strong>\u00a0Extrawelt,<\/strong>\u00a0<strong>Vitalic<\/strong>,\u00a0<strong>Dexter<\/strong><strong>.<\/strong>..<br \/>\nIl calendario del Festival, come di consueto, cade nella prima estate: in questo modo \u00e8 possibile poter sfruttare al meglio le potenzialit\u00e0 dell\u2019antica struttura del Forte, con i suoi ampi spazi aperti immersi nel verde. Come\u00a0 nelle precedenti edizioni, Electrode si dispiegher\u00e0 in quelle che vengono chiamate piazze d\u2019armi e che per il festival diventano: alfa\u00a0 e omega, ognuna con i suoi generi, i suoi ospiti, i suoi visuals e djs. Ci\u00f2 non toglie che le due arene manifestino selezioni musicali poliedriche, ibridizzate: una sala a prevalenza techno electro sar\u00e0 al tempo stesso breakbeat cos\u00ec come quest\u2019ultima conterr\u00e0 elementi di techno minimal, electro, dubstep e cos\u00ec via.<br \/>\nElectrode 2010, giunto alla sua quinta edizione, ospiter\u00e0 i seguenti artisti:\u00a0<br \/>\n<strong>Dalek (Ipecac records), Zu (Ipecac records), Beardyman, I.F. (Disko B, CBS Radio), Phace &amp; Misanthrop (Neosignal), Youngsta (Rinse\/Tempa), T.Rauschmiere (Novamute\/Kompakt), Evil Nine (Marine Parade), Bulldogs (Z Audio\/Freaks of Nature)<\/strong>.<br \/>\n\u00a0<br \/>\nCome ogni anno, uno spazio fondamentale \u00e8 riservato alla parte\u00a0<strong>visual<\/strong>. La crew di vj nasce infatti, insieme ad Electrode. Durante le prime due edizioni, l\u2019organizzazione \u00e8 stata curata da\u00a0<strong>Candyvision<\/strong>\u00a0che cerca la collaborazione tra gruppi di Vj gi\u00e0 noti nell\u2019ambito del clubbing romano, invitandoli a partecipare a un\u2019esperienza diversa. Ovvero, far parte della costruzione visiva di un festival indipente di musica elettronica, che si svolge in un posto occupato come il csoa Forte Prenestino. Questo vuol dire \u201csporcarsi le mani\u201d\u00a0 costruendone step by step l\u2019impatto visivo.<br \/>\nI pioneers sono <strong>clich\u00e8video infydel nikky cool79 videosolid quadro improvisual 7evenb\u00a0guerrero rednikita paconazim sabota aira flxerteam<\/strong>. Il terzo anno il Team di\u00a0<strong>Flxer<\/strong> prende in mano la situazione avendo la grande opportunit\u00e0 far partecipare ad Electrode gli ospiti del festival LPM. La filosofia di Electrode, per\u00f2, non poteva non coinvolgere anche loro; le collaborazioni e la maggior parte dei Vj sono presenti anche nella quarta edizione.<br \/>\n\u00a0<br \/>\nTutto questo \u00e8 Electrode!<\/p>\n","protected":false},"excerpt":{"rendered":"<p>Il csoa Forte Prenestino, per il quinto anno consecutivo, invita tutti a partecipare al festival di musica elettronica Electrode. Il festival nasce grazie alla collaborazione di progetti attivi sulla scena musicale romana come\u00a0MissAnthroPeak,\u00a0Sonic Visioner,\u00a0Truckstop76th,\u00a0Urban Pressure,\u00a000 Nowhere, che da diversi anni contribuiscono alla realizzazione di eventi all\u2019interno del csoa, ognuno con la sua nota distintiva ma [&hellip;]<\/p>\n","protected":false},"author":1,"featured_media":0,"parent":0,"menu_order":0,"comment_status":"open","ping_status":"closed","template":"","meta":{"ngg_post_thumbnail":0},"_links":{"self":[{"href":"https:\/\/electrode.it\/it\/wp-json\/wp\/v2\/pages\/5185"}],"collection":[{"href":"https:\/\/electrode.it\/it\/wp-json\/wp\/v2\/pages"}],"about":[{"href":"https:\/\/electrode.it\/it\/wp-json\/wp\/v2\/types\/page"}],"author":[{"embeddable":true,"href":"https:\/\/electrode.it\/it\/wp-json\/wp\/v2\/users\/1"}],"replies":[{"embeddable":true,"href":"https:\/\/electrode.it\/it\/wp-json\/wp\/v2\/comments?post=5185"}],"version-history":[{"count":0,"href":"https:\/\/electrode.it\/it\/wp-json\/wp\/v2\/pages\/5185\/revisions"}],"wp:attachment":[{"href":"https:\/\/electrode.it\/it\/wp-json\/wp\/v2\/media?parent=5185"}],"curies":[{"name":"wp","href":"https:\/\/api.w.org\/{rel}","templated":true}]}}